{"id":15,"date":"2015-03-19T10:44:40","date_gmt":"2015-03-19T08:44:40","guid":{"rendered":"http:\/\/hith.net\/wordpress\/?page_id=15"},"modified":"2017-11-15T19:20:21","modified_gmt":"2017-11-15T17:20:21","slug":"band","status":"publish","type":"page","link":"http:\/\/hith.net\/wordpress\/band\/","title":{"rendered":"BAND"},"content":{"rendered":"<p><img decoding=\"async\" loading=\"lazy\" class=\" size-full wp-image-51 alignnone\" src=\"http:\/\/hith.net\/wordpress\/wp-content\/uploads\/2015\/03\/HitH_sasse_2.jpg\" alt=\"HitH_sasse_2\" width=\"267\" height=\"400\" \/><\/p>\n<p><strong>Sasse Savolainen<\/strong> : vocals, guitar<\/p>\n<p><em>The original founding member and a man behind the songs.<\/em><\/p>\n<p>&nbsp;<\/p>\n<p><img decoding=\"async\" loading=\"lazy\" class=\"alignnone size-full wp-image-54\" src=\"http:\/\/hith.net\/wordpress\/wp-content\/uploads\/2015\/03\/Joonas-2.jpg\" alt=\"Joonas-2\" width=\"267\" height=\"400\" \/><\/p>\n<p><strong>Joonas Hiltunen<\/strong> : drums<\/p>\n<p><em>A young talent, drumming like he had four arms!<\/em><\/p>\n<p>&nbsp;<\/p>\n<p><img decoding=\"async\" loading=\"lazy\" class=\"alignnone  wp-image-355\" src=\"http:\/\/hith.net\/wordpress\/wp-content\/uploads\/2015\/03\/turkka-kaavi-blues.jpg\" alt=\"\" width=\"262\" height=\"349\" srcset=\"http:\/\/hith.net\/wordpress\/wp-content\/uploads\/2015\/03\/turkka-kaavi-blues.jpg 720w, http:\/\/hith.net\/wordpress\/wp-content\/uploads\/2015\/03\/turkka-kaavi-blues-768x1024.jpg 768w\" sizes=\"(max-width: 262px) 100vw, 262px\" \/><\/p>\n<p><strong>Turkka Parviainen<\/strong>\u00a0: upright bass<\/p>\n<p><em>Turkka\u00b4s slapping is a spine of the rhythm of Hole In The Head\u00a0<\/em><\/p>\n<p>&nbsp;<\/p>\n<p><img decoding=\"async\" loading=\"lazy\" class=\"alignnone  wp-image-356\" src=\"http:\/\/hith.net\/wordpress\/wp-content\/uploads\/2015\/03\/13174217_923670777749365_103403901195329712_n.jpg\" alt=\"\" width=\"269\" height=\"269\" srcset=\"http:\/\/hith.net\/wordpress\/wp-content\/uploads\/2015\/03\/13174217_923670777749365_103403901195329712_n.jpg 200w, http:\/\/hith.net\/wordpress\/wp-content\/uploads\/2015\/03\/13174217_923670777749365_103403901195329712_n-150x150.jpg 150w, http:\/\/hith.net\/wordpress\/wp-content\/uploads\/2015\/03\/13174217_923670777749365_103403901195329712_n-300x300.jpg 300w, http:\/\/hith.net\/wordpress\/wp-content\/uploads\/2015\/03\/13174217_923670777749365_103403901195329712_n-768x768.jpg 768w, http:\/\/hith.net\/wordpress\/wp-content\/uploads\/2015\/03\/13174217_923670777749365_103403901195329712_n-1024x1024.jpg 1024w, http:\/\/hith.net\/wordpress\/wp-content\/uploads\/2015\/03\/13174217_923670777749365_103403901195329712_n-180x180.jpg 180w, http:\/\/hith.net\/wordpress\/wp-content\/uploads\/2015\/03\/13174217_923670777749365_103403901195329712_n-600x600.jpg 600w\" sizes=\"(max-width: 269px) 100vw, 269px\" \/><\/p>\n<p><strong>Kyl\u00e4p\u00e4\u00e4llikk\u00f6 Kosonen<\/strong> : saxophones and percussions<\/p>\n<p><em>Kosonen plays tenor and baritone saxophones and shakes some freaky rhythms<\/em><\/p>\n","protected":false},"excerpt":{"rendered":"<p>Sasse Savolainen : vocals, guitar The original founding member and a man behind the songs. &nbsp; Joonas Hiltunen : drums A young talent, drumming like he had four arms! &nbsp; Turkka Parviainen\u00a0: upright bass Turkka\u00b4s slapping is a spine of the rhythm of Hole In The Head\u00a0 &nbsp; Kyl\u00e4p\u00e4\u00e4llikk\u00f6 Kosonen : saxophones and percussions Kosonen &#8230; <a class=\"read-more\" href=\"http:\/\/hith.net\/wordpress\/band\/\">Read more&#8230;<\/a><\/p>\n","protected":false},"author":1,"featured_media":0,"parent":0,"menu_order":0,"comment_status":"closed","ping_status":"closed","template":"","meta":[],"_links":{"self":[{"href":"http:\/\/hith.net\/wordpress\/wp-json\/wp\/v2\/pages\/15"}],"collection":[{"href":"http:\/\/hith.net\/wordpress\/wp-json\/wp\/v2\/pages"}],"about":[{"href":"http:\/\/hith.net\/wordpress\/wp-json\/wp\/v2\/types\/page"}],"author":[{"embeddable":true,"href":"http:\/\/hith.net\/wordpress\/wp-json\/wp\/v2\/users\/1"}],"replies":[{"embeddable":true,"href":"http:\/\/hith.net\/wordpress\/wp-json\/wp\/v2\/comments?post=15"}],"version-history":[{"count":7,"href":"http:\/\/hith.net\/wordpress\/wp-json\/wp\/v2\/pages\/15\/revisions"}],"predecessor-version":[{"id":357,"href":"http:\/\/hith.net\/wordpress\/wp-json\/wp\/v2\/pages\/15\/revisions\/357"}],"wp:attachment":[{"href":"http:\/\/hith.net\/wordpress\/wp-json\/wp\/v2\/media?parent=15"}],"curies":[{"name":"wp","href":"https:\/\/api.w.org\/{rel}","templated":true}]}}